{"id":92,"date":"2024-01-07T20:42:43","date_gmt":"2024-01-07T20:42:43","guid":{"rendered":"https:\/\/www.lassekuusisto.net\/kauppa\/?post_type=product&#038;p=92"},"modified":"2026-02-19T21:55:22","modified_gmt":"2026-02-19T19:55:22","slug":"kasisuojat","status":"publish","type":"product","link":"https:\/\/www.lassekuusisto.net\/kauppa\/tuote\/kasisuojat\/","title":{"rendered":"k\u00e4sisuojat"},"content":{"rendered":"<div><b>K\u00e4sisuojien kokotaulukko<\/b><\/div>\n<div>XS ~ 6<\/div>\n<div>S ~\u00a07<\/div>\n<div>M ~\u00a08-9<\/div>\n<div>L ~\u00a09-10<\/div>\n","protected":false},"excerpt":{"rendered":"<p>ITF-malliset k\u00e4sisuojat. T\u00e4t\u00e4 tuotetta voi k\u00e4ytt\u00e4\u00e4 SITF:n kilpailuissa. Kokotaulukko l\u00f6ytyy tuotteen kuvauksesta.<\/p>\n","protected":false},"featured_media":99,"comment_status":"open","ping_status":"closed","template":"","meta":[],"product_brand":[],"product_cat":[28,18,24],"product_tag":[],"class_list":{"0":"post-92","1":"product","2":"type-product","3":"status-publish","4":"has-post-thumbnail","6":"product_cat-kasisuojat","7":"product_cat-suojat","8":"product_cat-varusteet","10":"first","11":"instock","12":"shipping-taxable","13":"purchasable","14":"product-type-variable"},"_links":{"self":[{"href":"https:\/\/www.lassekuusisto.net\/kauppa\/wp-json\/wp\/v2\/product\/92","targetHints":{"allow":["GET"]}}],"collection":[{"href":"https:\/\/www.lassekuusisto.net\/kauppa\/wp-json\/wp\/v2\/product"}],"about":[{"href":"https:\/\/www.lassekuusisto.net\/kauppa\/wp-json\/wp\/v2\/types\/product"}],"replies":[{"embeddable":true,"href":"https:\/\/www.lassekuusisto.net\/kauppa\/wp-json\/wp\/v2\/comments?post=92"}],"wp:featuredmedia":[{"embeddable":true,"href":"https:\/\/www.lassekuusisto.net\/kauppa\/wp-json\/wp\/v2\/media\/99"}],"wp:attachment":[{"href":"https:\/\/www.lassekuusisto.net\/kauppa\/wp-json\/wp\/v2\/media?parent=92"}],"wp:term":[{"taxonomy":"product_brand","embeddable":true,"href":"https:\/\/www.lassekuusisto.net\/kauppa\/wp-json\/wp\/v2\/product_brand?post=92"},{"taxonomy":"product_cat","embeddable":true,"href":"https:\/\/www.lassekuusisto.net\/kauppa\/wp-json\/wp\/v2\/product_cat?post=92"},{"taxonomy":"product_tag","embeddable":true,"href":"https:\/\/www.lassekuusisto.net\/kauppa\/wp-json\/wp\/v2\/product_tag?post=92"}],"curies":[{"name":"wp","href":"https:\/\/api.w.org\/{rel}","templated":true}]}}