{"id":81,"date":"2024-01-07T17:31:40","date_gmt":"2024-01-07T17:31:40","guid":{"rendered":"https:\/\/www.lassekuusisto.net\/kauppa\/?post_type=product&#038;p=81"},"modified":"2026-02-19T21:55:21","modified_gmt":"2026-02-19T19:55:21","slug":"murskauslauta-valkoinen-pnp50","status":"publish","type":"product","link":"https:\/\/www.lassekuusisto.net\/kauppa\/tuote\/murskauslauta-valkoinen-pnp50\/","title":{"rendered":"Murskauslauta, valkoinen PNP50"},"content":{"rendered":"<p>ITF:n arvokilpailuissa (MM- ja EM-kilpailut) k\u00e4ytett\u00e4v\u00e4 murskauslauta. Paul Norman Plasticsin valmistama uudelleen k\u00e4ytett\u00e4v\u00e4 muovilauta koodinimelt\u00e4\u00e4n PNP50. Mitat 28 cm * 28 cm * 2 cm<\/p>\n","protected":false},"excerpt":{"rendered":"<p>ITF:n arvokilpailuissa (MM- ja EM-kilpailut) k\u00e4ytett\u00e4v\u00e4 murskauslauta. Paul Norman Plasticsin valmistama uudelleen k\u00e4ytett\u00e4v\u00e4 muovilauta koodinimelt\u00e4\u00e4n PNP50. Mitat 28 cm * 28 cm * 2 cm<\/p>\n","protected":false},"featured_media":59,"comment_status":"open","ping_status":"closed","template":"","meta":[],"product_brand":[],"product_cat":[27,24],"product_tag":[],"class_list":{"0":"post-81","1":"product","2":"type-product","3":"status-publish","4":"has-post-thumbnail","6":"product_cat-murskauslaudat","7":"product_cat-varusteet","9":"first","10":"instock","11":"shipping-taxable","12":"purchasable","13":"product-type-simple"},"_links":{"self":[{"href":"https:\/\/www.lassekuusisto.net\/kauppa\/wp-json\/wp\/v2\/product\/81","targetHints":{"allow":["GET"]}}],"collection":[{"href":"https:\/\/www.lassekuusisto.net\/kauppa\/wp-json\/wp\/v2\/product"}],"about":[{"href":"https:\/\/www.lassekuusisto.net\/kauppa\/wp-json\/wp\/v2\/types\/product"}],"replies":[{"embeddable":true,"href":"https:\/\/www.lassekuusisto.net\/kauppa\/wp-json\/wp\/v2\/comments?post=81"}],"wp:featuredmedia":[{"embeddable":true,"href":"https:\/\/www.lassekuusisto.net\/kauppa\/wp-json\/wp\/v2\/media\/59"}],"wp:attachment":[{"href":"https:\/\/www.lassekuusisto.net\/kauppa\/wp-json\/wp\/v2\/media?parent=81"}],"wp:term":[{"taxonomy":"product_brand","embeddable":true,"href":"https:\/\/www.lassekuusisto.net\/kauppa\/wp-json\/wp\/v2\/product_brand?post=81"},{"taxonomy":"product_cat","embeddable":true,"href":"https:\/\/www.lassekuusisto.net\/kauppa\/wp-json\/wp\/v2\/product_cat?post=81"},{"taxonomy":"product_tag","embeddable":true,"href":"https:\/\/www.lassekuusisto.net\/kauppa\/wp-json\/wp\/v2\/product_tag?post=81"}],"curies":[{"name":"wp","href":"https:\/\/api.w.org\/{rel}","templated":true}]}}