{"id":619,"date":"2026-02-10T22:52:59","date_gmt":"2026-02-10T20:52:59","guid":{"rendered":"https:\/\/www.lassekuusisto.net\/kauppa\/?post_type=product&#038;p=619"},"modified":"2026-03-28T10:34:08","modified_gmt":"2026-03-28T08:34:08","slug":"harjoituspuukko","status":"publish","type":"product","link":"https:\/\/www.lassekuusisto.net\/kauppa\/tuote\/harjoituspuukko\/","title":{"rendered":"Harjoituspuukko"},"content":{"rendered":"<p>Itsepuolustusharjoitteluun sopiva kumipuukko, josta l\u00f6ytyy kahta eri mallia: kova ja pehme\u00e4. Pehme\u00e4 malli taipuu iskusta eli sill\u00e4 on eritt\u00e4in turvallista harjoitella ja se sopii todella hyvin aloittelijoille. Kovakin malli taipuu, mutta vain hieman. T\u00e4m\u00e4 sopii siis niille, jotka ovat enemm\u00e4n puukko-ip:t\u00e4 harjoitelleet. Molempien mallien mitat ovat samat: kokonaispituus 28 cm, &#8220;ter\u00e4n&#8221; mitta noin 15,5 cm ja kahvan mitta noin 12,5 cm. Kahvan leveys noin 3 cm ja paksuus 2 cm. V\u00e4rivaihtoehtoina on vain paras eli musta.<\/p>\n","protected":false},"excerpt":{"rendered":"<p>Itsepuolustusharjoitteluun sopiva kumipuukko<\/p>\n","protected":false},"featured_media":632,"comment_status":"open","ping_status":"closed","template":"","meta":[],"product_brand":[],"product_cat":[39,38],"product_tag":[],"class_list":{"0":"post-619","1":"product","2":"type-product","3":"status-publish","4":"has-post-thumbnail","6":"product_cat-harjoitusvalineet","7":"product_cat-itsepuolustus","9":"first","10":"instock","11":"shipping-taxable","12":"purchasable","13":"product-type-variable"},"_links":{"self":[{"href":"https:\/\/www.lassekuusisto.net\/kauppa\/wp-json\/wp\/v2\/product\/619","targetHints":{"allow":["GET"]}}],"collection":[{"href":"https:\/\/www.lassekuusisto.net\/kauppa\/wp-json\/wp\/v2\/product"}],"about":[{"href":"https:\/\/www.lassekuusisto.net\/kauppa\/wp-json\/wp\/v2\/types\/product"}],"replies":[{"embeddable":true,"href":"https:\/\/www.lassekuusisto.net\/kauppa\/wp-json\/wp\/v2\/comments?post=619"}],"wp:featuredmedia":[{"embeddable":true,"href":"https:\/\/www.lassekuusisto.net\/kauppa\/wp-json\/wp\/v2\/media\/632"}],"wp:attachment":[{"href":"https:\/\/www.lassekuusisto.net\/kauppa\/wp-json\/wp\/v2\/media?parent=619"}],"wp:term":[{"taxonomy":"product_brand","embeddable":true,"href":"https:\/\/www.lassekuusisto.net\/kauppa\/wp-json\/wp\/v2\/product_brand?post=619"},{"taxonomy":"product_cat","embeddable":true,"href":"https:\/\/www.lassekuusisto.net\/kauppa\/wp-json\/wp\/v2\/product_cat?post=619"},{"taxonomy":"product_tag","embeddable":true,"href":"https:\/\/www.lassekuusisto.net\/kauppa\/wp-json\/wp\/v2\/product_tag?post=619"}],"curies":[{"name":"wp","href":"https:\/\/api.w.org\/{rel}","templated":true}]}}