{"id":418,"date":"2024-07-08T09:55:18","date_gmt":"2024-07-08T07:55:18","guid":{"rendered":"https:\/\/www.lassekuusisto.net\/kauppa\/?post_type=product&#038;p=418"},"modified":"2025-04-11T08:02:47","modified_gmt":"2025-04-11T06:02:47","slug":"suojapaketti-2","status":"publish","type":"product","link":"https:\/\/www.lassekuusisto.net\/kauppa\/tuote\/suojapaketti-2\/","title":{"rendered":"Suojapaketti 2"},"content":{"rendered":"<div><b>Jalkasuojien kokotaulukko<\/b><br \/>\nXS ~ 32-34<br \/>\nS ~ 35-37<br \/>\nM ~38-40<br \/>\nL ~41-44<\/div>\n<div><\/div>\n<div><b>K\u00e4sisuojien kokotaulukko<\/b><\/div>\n<div>XS ~ 5-6<\/div>\n<div>S ~\u00a07<\/div>\n<div>M ~ 8-9 (nyrkkeilyhanskat 10 oz)<\/div>\n<div>L ~ 9-10 (nyrkkeilyhanskat 12 oz)<\/div>\n<div>(XL nyrkkeilyhanskat 14 oz)<\/div>\n<div><\/div>\n<div><b>Kyp\u00e4r\u00e4n kokotaulukko<\/b><\/div>\n<div>p\u00e4\u00e4n ymp\u00e4rys<br \/>\nXS -53 cm<br \/>\nS 53-56 cm<br \/>\nM 56-59 cm<br \/>\nL 59+ cm<\/div>\n<div><\/div>\n<div><strong>S\u00e4\u00e4risuojien (tarramalli) kokotaulukko<\/strong><\/div>\n<table style=\"height: 152px;\" width=\"400\">\n<thead>\n<tr>\n<th style=\"text-align: left;\">Koko<\/th>\n<th style=\"text-align: left;\">Pituus<\/th>\n<th style=\"text-align: left;\">Leveys<\/th>\n<\/tr>\n<\/thead>\n<tbody>\n<tr>\n<td>L<\/td>\n<td>29 cm<\/td>\n<td>15,5 cm \/ 12 cm<\/td>\n<\/tr>\n<tr>\n<td>M<\/td>\n<td>27 cm<\/td>\n<td>15 cm \/ 11,5 cm<\/td>\n<\/tr>\n<tr>\n<td>S<\/td>\n<td>25 cm<\/td>\n<td>14,5 cm \/ 11 cm<\/td>\n<\/tr>\n<tr>\n<td>XS<\/td>\n<td>22 cm<\/td>\n<td>13 cm \/ 10 cm<\/td>\n<\/tr>\n<\/tbody>\n<\/table>\n<div><\/div>\n<div><strong>S\u00e4\u00e4risuojien (sukkamalli) kokotaulukko<\/strong><\/div>\n<table style=\"height: 157px;\" width=\"340\">\n<thead>\n<tr>\n<th style=\"text-align: left;\">Koko<\/th>\n<th style=\"text-align: left;\">Pituus<\/th>\n<th style=\"text-align: left;\">Leveys<\/th>\n<\/tr>\n<\/thead>\n<tbody>\n<tr>\n<td>XL<\/td>\n<td>37 cm<\/td>\n<td>13,5 cm \/12,5 cm<\/td>\n<\/tr>\n<tr>\n<td>L<\/td>\n<td>35,5 cm<\/td>\n<td>12,5 cm \/ 11,5 cm<\/td>\n<\/tr>\n<tr>\n<td>M<\/td>\n<td>33,5 cm<\/td>\n<td>12 cm \/ 10 cm<\/td>\n<\/tr>\n<tr>\n<td>S<\/td>\n<td>31,5 cm<\/td>\n<td>11,5 cm \/ 10 cm<\/td>\n<\/tr>\n<\/tbody>\n<\/table>\n","protected":false},"excerpt":{"rendered":"<p>K\u00e4sisuojat, jalka- ja s\u00e4\u00e4risuojat sek\u00e4 kyp\u00e4r\u00e4 kaikki samassa paketissa ja pakettihintaan. Normaalisti n\u00e4iden suojien hinta on 150-155 \u20ac, mutta kun ostat suojapaketin, saat ne alennettuun hintaan! Valitse vapaasti koot ja v\u00e4rit jokaisesta suojasta erikseen. My\u00f6s nyrkkeilyhanskat ovat valittavissa suojapakettiin.<\/p>\n","protected":false},"featured_media":545,"comment_status":"open","ping_status":"closed","template":"","meta":[],"product_brand":[],"product_cat":[32,18,24],"product_tag":[],"class_list":{"0":"post-418","1":"product","2":"type-product","3":"status-publish","4":"has-post-thumbnail","6":"product_cat-suojapaketit","7":"product_cat-suojat","8":"product_cat-varusteet","10":"first","11":"instock","12":"sale","13":"featured","14":"shipping-taxable","15":"purchasable","16":"product-type-easy_product_bundle"},"_links":{"self":[{"href":"https:\/\/www.lassekuusisto.net\/kauppa\/wp-json\/wp\/v2\/product\/418","targetHints":{"allow":["GET"]}}],"collection":[{"href":"https:\/\/www.lassekuusisto.net\/kauppa\/wp-json\/wp\/v2\/product"}],"about":[{"href":"https:\/\/www.lassekuusisto.net\/kauppa\/wp-json\/wp\/v2\/types\/product"}],"replies":[{"embeddable":true,"href":"https:\/\/www.lassekuusisto.net\/kauppa\/wp-json\/wp\/v2\/comments?post=418"}],"wp:featuredmedia":[{"embeddable":true,"href":"https:\/\/www.lassekuusisto.net\/kauppa\/wp-json\/wp\/v2\/media\/545"}],"wp:attachment":[{"href":"https:\/\/www.lassekuusisto.net\/kauppa\/wp-json\/wp\/v2\/media?parent=418"}],"wp:term":[{"taxonomy":"product_brand","embeddable":true,"href":"https:\/\/www.lassekuusisto.net\/kauppa\/wp-json\/wp\/v2\/product_brand?post=418"},{"taxonomy":"product_cat","embeddable":true,"href":"https:\/\/www.lassekuusisto.net\/kauppa\/wp-json\/wp\/v2\/product_cat?post=418"},{"taxonomy":"product_tag","embeddable":true,"href":"https:\/\/www.lassekuusisto.net\/kauppa\/wp-json\/wp\/v2\/product_tag?post=418"}],"curies":[{"name":"wp","href":"https:\/\/api.w.org\/{rel}","templated":true}]}}