{"id":393,"date":"2024-07-07T19:11:34","date_gmt":"2024-07-07T17:11:34","guid":{"rendered":"https:\/\/www.lassekuusisto.net\/kauppa\/?post_type=product&#038;p=393"},"modified":"2026-02-19T21:55:22","modified_gmt":"2026-02-19T19:55:22","slug":"saarisuoja-sukka","status":"publish","type":"product","link":"https:\/\/www.lassekuusisto.net\/kauppa\/tuote\/saarisuoja-sukka\/","title":{"rendered":"s\u00e4\u00e4risuoja, sukka"},"content":{"rendered":"<h5>Kokotaulukko.<\/h5>\n<p>Pituus on merkitty &#8220;suojaosan pituus (A)&#8221; \/ &#8220;suojan pituus kokonaisuudessaan (B)&#8221;.<br \/>\nLeveys on merkittty &#8220;suojan yl\u00e4osan leveys&#8221; \/ &#8220;suojan alimman kohdan leveys&#8221;.<br \/>\nHuom, mitat eiv\u00e4t ole millimetrin tarkkoja..<\/p>\n<table style=\"height: 152px;\" width=\"400\">\n<thead>\n<tr>\n<th style=\"text-align: left;\">Koko<\/th>\n<th style=\"text-align: left;\">Pituus A\/B<\/th>\n<th style=\"text-align: left;\">Leveys<\/th>\n<\/tr>\n<\/thead>\n<tbody>\n<tr>\n<td>L<\/td>\n<td>29 cm \/ 34 cm<\/td>\n<td>15,5 cm \/ 12 cm<\/td>\n<\/tr>\n<tr>\n<td>M<\/td>\n<td>27 cm \/ 31,5 cm<\/td>\n<td>15 cm \/ 11,5 cm<\/td>\n<\/tr>\n<tr>\n<td>S<\/td>\n<td>25 cm \/ 29 cm<\/td>\n<td>14,5 cm \/ 11 cm<\/td>\n<\/tr>\n<tr>\n<td>XS<\/td>\n<td>22,5\u00a0 cm\/ 26,5 cm<\/td>\n<td>13 cm \/ 10 cm<\/td>\n<\/tr>\n<\/tbody>\n<\/table>\n","protected":false},"excerpt":{"rendered":"<p>Kangaspintainen s\u00e4\u00e4risuoja, jonka voi vet\u00e4\u00e4 kuin sukan jalkaan. Kevyt ja joustavaa materiaalia eli helppok\u00e4ytt\u00f6inen my\u00f6s junioreille.<\/p>\n","protected":false},"featured_media":401,"comment_status":"open","ping_status":"closed","template":"","meta":[],"product_brand":[],"product_cat":[36],"product_tag":[],"class_list":{"0":"post-393","1":"product","2":"type-product","3":"status-publish","4":"has-post-thumbnail","6":"product_cat-saarisuojat","8":"first","9":"instock","10":"featured","11":"shipping-taxable","12":"purchasable","13":"product-type-variable"},"_links":{"self":[{"href":"https:\/\/www.lassekuusisto.net\/kauppa\/wp-json\/wp\/v2\/product\/393","targetHints":{"allow":["GET"]}}],"collection":[{"href":"https:\/\/www.lassekuusisto.net\/kauppa\/wp-json\/wp\/v2\/product"}],"about":[{"href":"https:\/\/www.lassekuusisto.net\/kauppa\/wp-json\/wp\/v2\/types\/product"}],"replies":[{"embeddable":true,"href":"https:\/\/www.lassekuusisto.net\/kauppa\/wp-json\/wp\/v2\/comments?post=393"}],"wp:featuredmedia":[{"embeddable":true,"href":"https:\/\/www.lassekuusisto.net\/kauppa\/wp-json\/wp\/v2\/media\/401"}],"wp:attachment":[{"href":"https:\/\/www.lassekuusisto.net\/kauppa\/wp-json\/wp\/v2\/media?parent=393"}],"wp:term":[{"taxonomy":"product_brand","embeddable":true,"href":"https:\/\/www.lassekuusisto.net\/kauppa\/wp-json\/wp\/v2\/product_brand?post=393"},{"taxonomy":"product_cat","embeddable":true,"href":"https:\/\/www.lassekuusisto.net\/kauppa\/wp-json\/wp\/v2\/product_cat?post=393"},{"taxonomy":"product_tag","embeddable":true,"href":"https:\/\/www.lassekuusisto.net\/kauppa\/wp-json\/wp\/v2\/product_tag?post=393"}],"curies":[{"name":"wp","href":"https:\/\/api.w.org\/{rel}","templated":true}]}}