{"id":327,"date":"2024-02-10T08:50:48","date_gmt":"2024-02-10T06:50:48","guid":{"rendered":"https:\/\/www.lassekuusisto.net\/kauppa\/?page_id=327"},"modified":"2024-02-10T13:49:18","modified_gmt":"2024-02-10T11:49:18","slug":"toimitus","status":"publish","type":"page","link":"https:\/\/www.lassekuusisto.net\/kauppa\/toimitus\/","title":{"rendered":"Toimitus"},"content":{"rendered":"\n<p>Ostettujen tuotteiden toimitus hoidetaan Matkahuollon tai Postin palveluilla tai noutona. <\/p>\n\n\n\n<h3 class=\"wp-block-heading\">Toimitus<\/h3>\n\n\n\n<p>Tuotteet pakataan tavaroiden koon mukaan ja l\u00e4hetet\u00e4\u00e4n p\u00e4\u00e4s\u00e4\u00e4nt\u00f6isesti Matkahuollon pakettipalvelun kautta. Joissain tapauksissa voimme k\u00e4ytt\u00e4\u00e4 my\u00f6s Postin palveluja. Matkahuollon pakettien toimitusaika on nopea ja Matkahuolto kuljettaa pakettisi 1-3 arkivuorokauden kuluessa.&nbsp;<\/p>\n\n\n\n<h3 class=\"wp-block-heading\">Nouto<\/h3>\n\n\n\n<p>Pakkaamme tuotteet my\u00f6s noudettavaksi N\u00e4\u00e4shallilta tai Vinkin vapaa-aikakeskukselta, joissa toimivat paikalliset Taekwon-Do seurat. Paketin voi noutaa n\u00e4iden paikkojen aukioloaikojen puitteissa, kun seuroilla on harjoitukset k\u00e4ynniss\u00e4. <\/p>\n\n\n\n<p>Noutopalvelua voi k\u00e4ytt\u00e4\u00e4 my\u00f6s erilaisten tapahtumien kuten leirien tai kilpailuiden yhteydess\u00e4, mutta niist\u00e4 pit\u00e4\u00e4 sopia aina erikseen.<\/p>\n\n\n\n<h3 class=\"wp-block-heading\">L\u00e4hetys<\/h3>\n\n\n\n<p>Mik\u00e4li toimitus tapahtuu Matkahuollon tai Postin palveluita k\u00e4ytt\u00e4en, pyrimme l\u00e4hett\u00e4m\u00e4\u00e4n tuotteenne viimeist\u00e4\u00e4n seuraavana p\u00e4iv\u00e4n\u00e4. Lomat tietenkin voivat vaikuttaa asiaan.<\/p>\n","protected":false},"excerpt":{"rendered":"<p>Ostettujen tuotteiden toimitus hoidetaan Matkahuollon tai Postin palveluilla tai noutona. Toimitus Tuotteet pakataan tavaroiden koon mukaan ja l\u00e4hetet\u00e4\u00e4n p\u00e4\u00e4s\u00e4\u00e4nt\u00f6isesti Matkahuollon pakettipalvelun kautta. Joissain tapauksissa voimme k\u00e4ytt\u00e4\u00e4 my\u00f6s Postin palveluja. Matkahuollon pakettien toimitusaika on nopea ja Matkahuolto kuljettaa pakettisi 1-3 arkivuorokauden kuluessa.&nbsp; Nouto Pakkaamme tuotteet my\u00f6s noudettavaksi N\u00e4\u00e4shallilta tai Vinkin vapaa-aikakeskukselta, joissa toimivat paikalliset Taekwon-Do seurat. [&hellip;]<\/p>\n","protected":false},"author":1,"featured_media":0,"parent":0,"menu_order":0,"comment_status":"closed","ping_status":"closed","template":"","meta":{"footnotes":""},"class_list":["post-327","page","type-page","status-publish","hentry"],"_links":{"self":[{"href":"https:\/\/www.lassekuusisto.net\/kauppa\/wp-json\/wp\/v2\/pages\/327","targetHints":{"allow":["GET"]}}],"collection":[{"href":"https:\/\/www.lassekuusisto.net\/kauppa\/wp-json\/wp\/v2\/pages"}],"about":[{"href":"https:\/\/www.lassekuusisto.net\/kauppa\/wp-json\/wp\/v2\/types\/page"}],"author":[{"embeddable":true,"href":"https:\/\/www.lassekuusisto.net\/kauppa\/wp-json\/wp\/v2\/users\/1"}],"replies":[{"embeddable":true,"href":"https:\/\/www.lassekuusisto.net\/kauppa\/wp-json\/wp\/v2\/comments?post=327"}],"version-history":[{"count":0,"href":"https:\/\/www.lassekuusisto.net\/kauppa\/wp-json\/wp\/v2\/pages\/327\/revisions"}],"wp:attachment":[{"href":"https:\/\/www.lassekuusisto.net\/kauppa\/wp-json\/wp\/v2\/media?parent=327"}],"curies":[{"name":"wp","href":"https:\/\/api.w.org\/{rel}","templated":true}]}}