{"id":240,"date":"2024-01-21T14:13:17","date_gmt":"2024-01-21T14:13:17","guid":{"rendered":"https:\/\/www.lassekuusisto.net\/kauppa\/?post_type=product&#038;p=240"},"modified":"2025-02-18T09:37:21","modified_gmt":"2025-02-18T07:37:21","slug":"nyrkkeilyhanskat","status":"publish","type":"product","link":"https:\/\/www.lassekuusisto.net\/kauppa\/fi\/tuote\/nyrkkeilyhanskat\/","title":{"rendered":"nyrkkeilyhanskat"},"content":{"rendered":"<p>Hyvin k\u00e4teensopivat ja rannetta tukevat nyrkkeilyhanskat leve\u00e4ll\u00e4 tarrakiinnityksell\u00e4. Peukalo on kiinni hanskassa, mik\u00e4 suojaa peukalon v\u00e4\u00e4ntymiselt\u00e4. V\u00e4ri\u00e4 on tasan yksi, musta, mutta kokoja on kolmea luokkaa: 10 oz, 12 oz ja 14 0z.<\/p>\n<p>&nbsp;<\/p>","protected":false},"excerpt":{"rendered":"<p>Hyvin k\u00e4teensopivat ja rannetta tukevat nyrkkeilyhanskat leve\u00e4ll\u00e4 tarrakiinnityksell\u00e4. Peukalo on kiinni hanskassa, mik\u00e4 suojaa peukalon v\u00e4\u00e4ntymiselt\u00e4. V\u00e4ri\u00e4 on tasan yksi, musta, mutta kokoja on kolmea luokkaa: 10 oz, 12 oz ja 14 0z. &nbsp;<\/p>","protected":false},"featured_media":247,"comment_status":"open","ping_status":"closed","template":"","meta":[],"product_brand":[],"product_cat":[34,18,24],"product_tag":[],"class_list":{"0":"post-240","1":"product","2":"type-product","3":"status-publish","4":"has-post-thumbnail","6":"product_cat-nyrkkeilyhanskat","7":"product_cat-suojat","8":"product_cat-varusteet","10":"first","11":"instock","12":"sale","13":"shipping-taxable","14":"purchasable","15":"product-type-variable"},"_links":{"self":[{"href":"https:\/\/www.lassekuusisto.net\/kauppa\/fi\/wp-json\/wp\/v2\/product\/240","targetHints":{"allow":["GET"]}}],"collection":[{"href":"https:\/\/www.lassekuusisto.net\/kauppa\/fi\/wp-json\/wp\/v2\/product"}],"about":[{"href":"https:\/\/www.lassekuusisto.net\/kauppa\/fi\/wp-json\/wp\/v2\/types\/product"}],"replies":[{"embeddable":true,"href":"https:\/\/www.lassekuusisto.net\/kauppa\/fi\/wp-json\/wp\/v2\/comments?post=240"}],"wp:featuredmedia":[{"embeddable":true,"href":"https:\/\/www.lassekuusisto.net\/kauppa\/fi\/wp-json\/wp\/v2\/media\/247"}],"wp:attachment":[{"href":"https:\/\/www.lassekuusisto.net\/kauppa\/fi\/wp-json\/wp\/v2\/media?parent=240"}],"wp:term":[{"taxonomy":"product_brand","embeddable":true,"href":"https:\/\/www.lassekuusisto.net\/kauppa\/fi\/wp-json\/wp\/v2\/product_brand?post=240"},{"taxonomy":"product_cat","embeddable":true,"href":"https:\/\/www.lassekuusisto.net\/kauppa\/fi\/wp-json\/wp\/v2\/product_cat?post=240"},{"taxonomy":"product_tag","embeddable":true,"href":"https:\/\/www.lassekuusisto.net\/kauppa\/fi\/wp-json\/wp\/v2\/product_tag?post=240"}],"curies":[{"name":"wp","href":"https:\/\/api.w.org\/{rel}","templated":true}]}}