{"id":102,"date":"2024-01-07T21:05:02","date_gmt":"2024-01-07T21:05:02","guid":{"rendered":"https:\/\/www.lassekuusisto.net\/kauppa\/?post_type=product&#038;p=102"},"modified":"2026-02-19T21:55:22","modified_gmt":"2026-02-19T19:55:22","slug":"kypara-sininen","status":"publish","type":"product","link":"https:\/\/www.lassekuusisto.net\/kauppa\/fi\/tuote\/kypara-sininen\/","title":{"rendered":"kyp\u00e4r\u00e4"},"content":{"rendered":"<div><b>Kyp\u00e4r\u00e4n kokotaulukko<\/b><\/div>\n<div>p\u00e4\u00e4n ymp\u00e4rys<br \/>\nXS -53 cm<br \/>\nS 53-56 cm<br \/>\nM 56-59 cm<br \/>\nL 59+ cm<\/div>","protected":false},"excerpt":{"rendered":"<p>ITF-malliset p\u00e4\u00e4suoja \/ kyp\u00e4r\u00e4. T\u00e4t\u00e4 tuotetta voi k\u00e4ytt\u00e4\u00e4 SITF:n kilpailuissa. Kokotaulukko l\u00f6ytyy tuotteen kuvauksesta. XS-koko saatavilla vain punaisena.<\/p>","protected":false},"featured_media":103,"comment_status":"open","ping_status":"closed","template":"","meta":[],"product_brand":[],"product_cat":[29,18,24],"product_tag":[],"class_list":{"0":"post-102","1":"product","2":"type-product","3":"status-publish","4":"has-post-thumbnail","6":"product_cat-kypara","7":"product_cat-suojat","8":"product_cat-varusteet","10":"first","11":"instock","12":"shipping-taxable","13":"purchasable","14":"product-type-variable"},"_links":{"self":[{"href":"https:\/\/www.lassekuusisto.net\/kauppa\/fi\/wp-json\/wp\/v2\/product\/102","targetHints":{"allow":["GET"]}}],"collection":[{"href":"https:\/\/www.lassekuusisto.net\/kauppa\/fi\/wp-json\/wp\/v2\/product"}],"about":[{"href":"https:\/\/www.lassekuusisto.net\/kauppa\/fi\/wp-json\/wp\/v2\/types\/product"}],"replies":[{"embeddable":true,"href":"https:\/\/www.lassekuusisto.net\/kauppa\/fi\/wp-json\/wp\/v2\/comments?post=102"}],"wp:featuredmedia":[{"embeddable":true,"href":"https:\/\/www.lassekuusisto.net\/kauppa\/fi\/wp-json\/wp\/v2\/media\/103"}],"wp:attachment":[{"href":"https:\/\/www.lassekuusisto.net\/kauppa\/fi\/wp-json\/wp\/v2\/media?parent=102"}],"wp:term":[{"taxonomy":"product_brand","embeddable":true,"href":"https:\/\/www.lassekuusisto.net\/kauppa\/fi\/wp-json\/wp\/v2\/product_brand?post=102"},{"taxonomy":"product_cat","embeddable":true,"href":"https:\/\/www.lassekuusisto.net\/kauppa\/fi\/wp-json\/wp\/v2\/product_cat?post=102"},{"taxonomy":"product_tag","embeddable":true,"href":"https:\/\/www.lassekuusisto.net\/kauppa\/fi\/wp-json\/wp\/v2\/product_tag?post=102"}],"curies":[{"name":"wp","href":"https:\/\/api.w.org\/{rel}","templated":true}]}}