{"id":223,"date":"2024-01-19T15:48:21","date_gmt":"2024-01-19T15:48:21","guid":{"rendered":"https:\/\/www.lassekuusisto.net\/kauppa\/?page_id=223"},"modified":"2024-01-19T15:48:21","modified_gmt":"2024-01-19T15:48:21","slug":"uutiset","status":"publish","type":"page","link":"https:\/\/www.lassekuusisto.net\/kauppa\/fi\/uutiset\/","title":{"rendered":"Uutiset"},"content":{"rendered":"<div class=\"wp-block-query is-layout-flow wp-block-query-is-layout-flow\"><ul class=\"columns-3 wp-block-post-template is-layout-grid wp-container-core-post-template-is-layout-6d3fbd8f wp-block-post-template-is-layout-grid\"><li class=\"wp-block-post post-488 post type-post status-publish format-standard has-post-thumbnail hentry category-uutiset\">\n\n<div class=\"wp-block-group is-layout-flow wp-block-group-is-layout-flow\" style=\"padding-top:30px;padding-right:30px;padding-bottom:30px;padding-left:30px\"><h2 class=\"wp-block-post-title\"><a href=\"https:\/\/www.lassekuusisto.net\/kauppa\/fi\/verkkokauppa-on-suljettuna-10-12-31-12-2024\/\" target=\"_self\" >Verkkokauppa on suljettuna 10.12.-31.12.2024<\/a><\/h2>\n\n<div class=\"wp-block-post-excerpt\"><p class=\"wp-block-post-excerpt__excerpt\">Verkkokaupan varastolle pit\u00e4\u00e4 tehd\u00e4 perustavanlaatuinen inventaario, jotta saamme tilattua kev\u00e4tkaudelle sopivasti varaston t\u00e4ydennyksi\u00e4 ja mahdollisesti uusia tuotteita. My\u00f6s joulun pyh\u00e4t ja v\u00e4lip\u00e4iv\u00e4t on hyv\u00e4 paikka pit\u00e4\u00e4 hieman lomaa joten, TKD-varusteiden verkkokauppa on suljettuna 10.12.-31.12.2024. Avaamme j\u00e4lleen 1.1.2025 Haluamme toivottaa asiakkaillemme rauhallista joulua ja oikein hyv\u00e4\u00e4 uutta vuotta 2025!<\/p><p class=\"wp-block-post-excerpt__more-text\"><a class=\"wp-block-post-excerpt__more-link\" href=\"https:\/\/www.lassekuusisto.net\/kauppa\/fi\/verkkokauppa-on-suljettuna-10-12-31-12-2024\/\">Lue lis\u00e4\u00e4 \u00bb<\/a><\/p><\/div>\n\n<div class=\"wp-block-post-date\"><time datetime=\"2024-12-10T11:25:17+02:00\">10 joulukuun, 2024<\/time><\/div><\/div>\n\n<\/li><li class=\"wp-block-post post-410 post type-post status-publish format-standard hentry category-uutiset\">\n\n<div class=\"wp-block-group is-layout-flow wp-block-group-is-layout-flow\" style=\"padding-top:30px;padding-right:30px;padding-bottom:30px;padding-left:30px\"><h2 class=\"wp-block-post-title\"><a href=\"https:\/\/www.lassekuusisto.net\/kauppa\/fi\/uusia-tuotteita-valikoimaan\/\" target=\"_self\" >Uusia tuotteita valikoimaan<\/a><\/h2>\n\n<div class=\"wp-block-post-excerpt\"><p class=\"wp-block-post-excerpt__excerpt\">Syyskauden alkua varten varastoja on t\u00e4ytetty ja valikoimaan on lis\u00e4tty uusia tuotteita. Tulokkaina ovat pari erilaista s\u00e4\u00e4risuojamallia ja mustat vy\u00f6t.<\/p><p class=\"wp-block-post-excerpt__more-text\"><a class=\"wp-block-post-excerpt__more-link\" href=\"https:\/\/www.lassekuusisto.net\/kauppa\/fi\/uusia-tuotteita-valikoimaan\/\">Lue lis\u00e4\u00e4 \u00bb<\/a><\/p><\/div>\n\n<div class=\"wp-block-post-date\"><time datetime=\"2024-07-08T07:56:39+02:00\">8 hein\u00e4kuun, 2024<\/time><\/div><\/div>\n\n<\/li><li class=\"wp-block-post post-349 post type-post status-publish format-standard hentry category-uutiset\">\n\n<div class=\"wp-block-group is-layout-flow wp-block-group-is-layout-flow\" style=\"padding-top:30px;padding-right:30px;padding-bottom:30px;padding-left:30px\"><h2 class=\"wp-block-post-title\"><a href=\"https:\/\/www.lassekuusisto.net\/kauppa\/fi\/talvilomaviikko-tuo-mukanaan-viivastyksia-pakettien-lahetyksissa\/\" target=\"_self\" >Talvilomaviikko tuo mukanaan viiv\u00e4styksi\u00e4 pakettien l\u00e4hetyksiss\u00e4<\/a><\/h2>\n\n<div class=\"wp-block-post-excerpt\"><p class=\"wp-block-post-excerpt__excerpt\">Talvilomaviikolla, tarkemmin ottaen 24.2.-1.3. tuotteiden l\u00e4hett\u00e4misess\u00e4 tulee olemaan viivett\u00e4. Tuotteita voi kyll\u00e4 normaalisti tilata ja l\u00e4het\u00e4mme ne niin pian kuin suinkin mahdollista&#8230;<\/p><p class=\"wp-block-post-excerpt__more-text\"><a class=\"wp-block-post-excerpt__more-link\" href=\"https:\/\/www.lassekuusisto.net\/kauppa\/fi\/talvilomaviikko-tuo-mukanaan-viivastyksia-pakettien-lahetyksissa\/\">Lue lis\u00e4\u00e4 \u00bb<\/a><\/p><\/div>\n\n<div class=\"wp-block-post-date\"><time datetime=\"2024-02-23T17:53:13+02:00\">23 helmikuun, 2024<\/time><\/div><\/div>\n\n<\/li><li class=\"wp-block-post post-1 post type-post status-publish format-standard has-post-thumbnail hentry category-uutiset\">\n\n<div class=\"wp-block-group is-layout-flow wp-block-group-is-layout-flow\" style=\"padding-top:30px;padding-right:30px;padding-bottom:30px;padding-left:30px\"><h2 class=\"wp-block-post-title\"><a href=\"https:\/\/www.lassekuusisto.net\/kauppa\/fi\/hello-world\/\" target=\"_self\" >Kaupan avajaiset<\/a><\/h2>\n\n<div class=\"wp-block-post-excerpt\"><p class=\"wp-block-post-excerpt__excerpt\">Tmi Lasse Kuusisto avaa Taekwon-Do varusteiden verkkokaupan tammikuussa 2024. Muutaman<\/p><p class=\"wp-block-post-excerpt__more-text\"><a class=\"wp-block-post-excerpt__more-link\" href=\"https:\/\/www.lassekuusisto.net\/kauppa\/fi\/hello-world\/\">Lue lis\u00e4\u00e4 \u00bb<\/a><\/p><\/div>\n\n<div class=\"wp-block-post-date\"><time datetime=\"2024-01-07T08:13:18+02:00\">7 tammikuun, 2024<\/time><\/div><\/div>\n\n<\/li><\/ul><\/div>","protected":false},"excerpt":{"rendered":"","protected":false},"author":1,"featured_media":0,"parent":0,"menu_order":0,"comment_status":"closed","ping_status":"closed","template":"","meta":{"footnotes":""},"class_list":["post-223","page","type-page","status-publish","hentry"],"_links":{"self":[{"href":"https:\/\/www.lassekuusisto.net\/kauppa\/fi\/wp-json\/wp\/v2\/pages\/223","targetHints":{"allow":["GET"]}}],"collection":[{"href":"https:\/\/www.lassekuusisto.net\/kauppa\/fi\/wp-json\/wp\/v2\/pages"}],"about":[{"href":"https:\/\/www.lassekuusisto.net\/kauppa\/fi\/wp-json\/wp\/v2\/types\/page"}],"author":[{"embeddable":true,"href":"https:\/\/www.lassekuusisto.net\/kauppa\/fi\/wp-json\/wp\/v2\/users\/1"}],"replies":[{"embeddable":true,"href":"https:\/\/www.lassekuusisto.net\/kauppa\/fi\/wp-json\/wp\/v2\/comments?post=223"}],"version-history":[{"count":0,"href":"https:\/\/www.lassekuusisto.net\/kauppa\/fi\/wp-json\/wp\/v2\/pages\/223\/revisions"}],"wp:attachment":[{"href":"https:\/\/www.lassekuusisto.net\/kauppa\/fi\/wp-json\/wp\/v2\/media?parent=223"}],"curies":[{"name":"wp","href":"https:\/\/api.w.org\/{rel}","templated":true}]}}